{"id":1012,"date":"2024-08-05T09:28:12","date_gmt":"2024-08-05T09:28:12","guid":{"rendered":"https:\/\/www.woodinspector.eu\/?page_id=1012"},"modified":"2024-08-07T13:28:56","modified_gmt":"2024-08-07T13:28:56","slug":"o-nas","status":"publish","type":"page","link":"https:\/\/www.woodinspector.eu\/en\/o-nas\/","title":{"rendered":"ABOUT US"},"content":{"rendered":"<div data-elementor-type=\"wp-page\" data-elementor-id=\"1012\" class=\"elementor elementor-1012\" data-elementor-post-type=\"page\">\n\t\t\t\t<div class=\"elementor-element elementor-element-a0f891b e-flex e-con-boxed e-con e-parent\" data-id=\"a0f891b\" data-element_type=\"container\" data-settings=\"{&quot;background_background&quot;:&quot;classic&quot;}\">\n\t\t\t\t\t<div class=\"e-con-inner\">\n\t\t\t\t\t<\/div>\n\t\t\t\t<\/div>\n\t\t<div class=\"elementor-element elementor-element-4266cb8 e-flex e-con-boxed e-con e-parent\" data-id=\"4266cb8\" data-element_type=\"container\">\n\t\t\t\t\t<div class=\"e-con-inner\">\n\t\t\t\t<div class=\"elementor-element elementor-element-2957ba9 elementor-widget elementor-widget-text-editor\" data-id=\"2957ba9\" data-element_type=\"widget\" data-widget_type=\"text-editor.default\">\n\t\t\t\t<div class=\"elementor-widget-container\">\n\t\t\t\t\t\t\t<p class=\" translation-block\"><b>WOODINSPECTOR<\/b> company has been operating in the woodworking sector since 2015. We specialize in scanning systems using vision techniques, AI technology and digital image analysis. Our products are directed to the wood processing industry \u2013 from small sawmills to large companies with highly automated production lines.<\/p><p>Our products help to reduce labour costs, increase production and avoid waste of material. We are proud of about 20 scanners working in production, in companies making floors, window scantlings, doors, pallets, garden architecture, special packaging, parquets, glued elements, frieze, finger-jointed elements, frames, bed strips, furniture elements. Most of the scanners work with pine but thanks to the possibilities given us by AI and neural networks, the machines distinguish defects on oak, spruce, alder, beech, and are ready to learn new species. We offer tailor-made solutions for each client, as well as professional support of our committed team.<\/p>\t\t\t\t\t\t<\/div>\n\t\t\t\t<\/div>\n\t\t\t\t<div class=\"elementor-element elementor-element-2381611 elementor-widget elementor-widget-gallery\" data-id=\"2381611\" data-element_type=\"widget\" data-settings=\"{&quot;columns&quot;:3,&quot;lazyload&quot;:&quot;yes&quot;,&quot;gallery_layout&quot;:&quot;grid&quot;,&quot;columns_tablet&quot;:2,&quot;columns_mobile&quot;:1,&quot;gap&quot;:{&quot;unit&quot;:&quot;px&quot;,&quot;size&quot;:10,&quot;sizes&quot;:[]},&quot;gap_tablet&quot;:{&quot;unit&quot;:&quot;px&quot;,&quot;size&quot;:10,&quot;sizes&quot;:[]},&quot;gap_mobile&quot;:{&quot;unit&quot;:&quot;px&quot;,&quot;size&quot;:10,&quot;sizes&quot;:[]},&quot;link_to&quot;:&quot;file&quot;,&quot;aspect_ratio&quot;:&quot;3:2&quot;,&quot;overlay_background&quot;:&quot;yes&quot;,&quot;content_hover_animation&quot;:&quot;fade-in&quot;}\" data-widget_type=\"gallery.default\">\n\t\t\t\t<div class=\"elementor-widget-container\">\n\t\t\t\t\t<div class=\"elementor-gallery__container\">\n\t\t\t\t\t\t\t<a class=\"e-gallery-item elementor-gallery-item elementor-animated-content\" href=\"https:\/\/www.woodinspector.eu\/wp-content\/uploads\/2024\/08\/5.10.jpg\" data-elementor-open-lightbox=\"yes\" data-elementor-lightbox-slideshow=\"2381611\" data-elementor-lightbox-title=\"5.10\" data-e-action-hash=\"#elementor-action%3Aaction%3Dlightbox%26settings%3DeyJpZCI6MTA4NywidXJsIjoiaHR0cHM6XC9cL3d3dy53b29kaW5zcGVjdG9yLmV1XC93cC1jb250ZW50XC91cGxvYWRzXC8yMDI0XC8wOFwvNS4xMC5qcGciLCJzbGlkZXNob3ciOiIyMzgxNjExIn0%3D\">\n\t\t\t\t\t<div class=\"e-gallery-image elementor-gallery-item__image\" data-thumbnail=\"https:\/\/www.woodinspector.eu\/wp-content\/uploads\/2024\/08\/5.10-300x200.jpg\" data-width=\"300\" data-height=\"200\" aria-label=\"\" role=\"img\" ><\/div>\n\t\t\t\t\t\t\t\t\t\t\t<div class=\"elementor-gallery-item__overlay\"><\/div>\n\t\t\t\t\t\t\t\t\t\t\t\t\t\t<\/a>\n\t\t\t\t\t\t\t<a class=\"e-gallery-item elementor-gallery-item elementor-animated-content\" href=\"https:\/\/www.woodinspector.eu\/wp-content\/uploads\/2024\/08\/IMG_0735.jpg\" data-elementor-open-lightbox=\"yes\" data-elementor-lightbox-slideshow=\"2381611\" data-elementor-lightbox-title=\"IMG_0735\" data-e-action-hash=\"#elementor-action%3Aaction%3Dlightbox%26settings%3DeyJpZCI6MTA4OCwidXJsIjoiaHR0cHM6XC9cL3d3dy53b29kaW5zcGVjdG9yLmV1XC93cC1jb250ZW50XC91cGxvYWRzXC8yMDI0XC8wOFwvSU1HXzA3MzUuanBnIiwic2xpZGVzaG93IjoiMjM4MTYxMSJ9\">\n\t\t\t\t\t<div class=\"e-gallery-image elementor-gallery-item__image\" data-thumbnail=\"https:\/\/www.woodinspector.eu\/wp-content\/uploads\/2024\/08\/IMG_0735-300x200.jpg\" data-width=\"300\" data-height=\"200\" aria-label=\"\" role=\"img\" ><\/div>\n\t\t\t\t\t\t\t\t\t\t\t<div class=\"elementor-gallery-item__overlay\"><\/div>\n\t\t\t\t\t\t\t\t\t\t\t\t\t\t<\/a>\n\t\t\t\t\t\t\t<a class=\"e-gallery-item elementor-gallery-item elementor-animated-content\" href=\"https:\/\/www.woodinspector.eu\/wp-content\/uploads\/2024\/08\/IMG_0906.jpg\" data-elementor-open-lightbox=\"yes\" data-elementor-lightbox-slideshow=\"2381611\" data-elementor-lightbox-title=\"IMG_0906\" data-e-action-hash=\"#elementor-action%3Aaction%3Dlightbox%26settings%3DeyJpZCI6MTA4OSwidXJsIjoiaHR0cHM6XC9cL3d3dy53b29kaW5zcGVjdG9yLmV1XC93cC1jb250ZW50XC91cGxvYWRzXC8yMDI0XC8wOFwvSU1HXzA5MDYuanBnIiwic2xpZGVzaG93IjoiMjM4MTYxMSJ9\">\n\t\t\t\t\t<div class=\"e-gallery-image elementor-gallery-item__image\" data-thumbnail=\"https:\/\/www.woodinspector.eu\/wp-content\/uploads\/2024\/08\/IMG_0906-300x200.jpg\" data-width=\"300\" data-height=\"200\" aria-label=\"\" role=\"img\" ><\/div>\n\t\t\t\t\t\t\t\t\t\t\t<div class=\"elementor-gallery-item__overlay\"><\/div>\n\t\t\t\t\t\t\t\t\t\t\t\t\t\t<\/a>\n\t\t\t\t\t<\/div>\n\t\t\t<\/div>\n\t\t\t\t<\/div>\n\t\t\t\t\t<\/div>\n\t\t\t\t<\/div>\n\t\t<div class=\"elementor-element elementor-element-8aa689c e-flex e-con-boxed e-con e-parent\" data-id=\"8aa689c\" data-element_type=\"container\">\n\t\t\t\t\t<div class=\"e-con-inner\">\n\t\t\t\t<div class=\"elementor-element elementor-element-dc5a3ad elementor-widget elementor-widget-video\" data-id=\"dc5a3ad\" data-element_type=\"widget\" data-settings=\"{&quot;youtube_url&quot;:&quot;https:\\\/\\\/youtu.be\\\/6Hsk0u1o0V0&quot;,&quot;video_type&quot;:&quot;youtube&quot;,&quot;controls&quot;:&quot;yes&quot;}\" data-widget_type=\"video.default\">\n\t\t\t\t<div class=\"elementor-widget-container\">\n\t\t\t\t\t<div class=\"elementor-wrapper elementor-open-inline\">\n\t\t\t<div class=\"elementor-video\"><\/div>\t\t<\/div>\n\t\t\t\t<\/div>\n\t\t\t\t<\/div>\n\t\t\t\t\t<\/div>\n\t\t\t\t<\/div>\n\t\t<div class=\"elementor-element elementor-element-d48a4b7 e-flex e-con-boxed e-con e-parent\" data-id=\"d48a4b7\" data-element_type=\"container\">\n\t\t\t\t\t<div class=\"e-con-inner\">\n\t\t\t\t<div class=\"elementor-element elementor-element-17a9b1a elementor-widget elementor-widget-heading\" data-id=\"17a9b1a\" data-element_type=\"widget\" data-widget_type=\"heading.default\">\n\t\t\t\t<div class=\"elementor-widget-container\">\n\t\t\t<h2 class=\"elementor-heading-title elementor-size-default\">ABOUT US<\/h2>\t\t<\/div>\n\t\t\t\t<\/div>\n\t\t\t\t<div class=\"elementor-element elementor-element-e3835ca elementor-widget elementor-widget-heading\" data-id=\"e3835ca\" data-element_type=\"widget\" data-widget_type=\"heading.default\">\n\t\t\t\t<div class=\"elementor-widget-container\">\n\t\t\t<h2 class=\"elementor-heading-title elementor-size-default\">WOODINSPECTOR TEAM<\/h2>\t\t<\/div>\n\t\t\t\t<\/div>\n\t\t\t\t\t<\/div>\n\t\t\t\t<\/div>\n\t\t<div class=\"elementor-element elementor-element-776fbbd e-flex e-con-boxed e-con e-parent\" data-id=\"776fbbd\" data-element_type=\"container\">\n\t\t\t\t\t<div class=\"e-con-inner\">\n\t\t<div class=\"elementor-element elementor-element-a2afb0c e-con-full e-flex e-con e-child\" data-id=\"a2afb0c\" data-element_type=\"container\">\n\t\t\t\t<div class=\"elementor-element elementor-element-4abe745 elementor-position-left elementor-position-top elementor-vertical-align-middle elementor-widget elementor-widget-image-box\" data-id=\"4abe745\" data-element_type=\"widget\" data-widget_type=\"image-box.default\">\n\t\t\t\t<div class=\"elementor-widget-container\">\n\t\t\t<div class=\"elementor-image-box-wrapper\"><figure class=\"elementor-image-box-img\"><img fetchpriority=\"high\" decoding=\"async\" width=\"1200\" height=\"1200\" src=\"https:\/\/www.woodinspector.eu\/wp-content\/uploads\/2024\/08\/grzegorz.jpg\" class=\"attachment-full size-full wp-image-1115\" alt=\"\" srcset=\"https:\/\/www.woodinspector.eu\/wp-content\/uploads\/2024\/08\/grzegorz.jpg 1200w, https:\/\/www.woodinspector.eu\/wp-content\/uploads\/2024\/08\/grzegorz-300x300.jpg 300w, https:\/\/www.woodinspector.eu\/wp-content\/uploads\/2024\/08\/grzegorz-1024x1024.jpg 1024w, https:\/\/www.woodinspector.eu\/wp-content\/uploads\/2024\/08\/grzegorz-150x150.jpg 150w, https:\/\/www.woodinspector.eu\/wp-content\/uploads\/2024\/08\/grzegorz-768x768.jpg 768w, https:\/\/www.woodinspector.eu\/wp-content\/uploads\/2024\/08\/grzegorz-12x12.jpg 12w\" sizes=\"(max-width: 1200px) 100vw, 1200px\" \/><\/figure><div class=\"elementor-image-box-content\"><h3 class=\"elementor-image-box-title\">Grzegorz Kotnarowski<\/h3><p class=\"elementor-image-box-description\"><small style=\"color:red; margin-bottom:-18px; display: block;\">owner, originator, programmer\n<\/small><br\/>\nOn a daily basis, he coordinates all projects carried out by the company and constantly improves the created software and algorithms.<\/p><\/div><\/div>\t\t<\/div>\n\t\t\t\t<\/div>\n\t\t\t\t<\/div>\n\t\t<div class=\"elementor-element elementor-element-66da3b6 e-con-full e-flex e-con e-child\" data-id=\"66da3b6\" data-element_type=\"container\">\n\t\t\t\t<div class=\"elementor-element elementor-element-886aafe elementor-position-left elementor-position-top elementor-vertical-align-middle elementor-widget elementor-widget-image-box\" data-id=\"886aafe\" data-element_type=\"widget\" data-widget_type=\"image-box.default\">\n\t\t\t\t<div class=\"elementor-widget-container\">\n\t\t\t<div class=\"elementor-image-box-wrapper\"><figure class=\"elementor-image-box-img\"><img decoding=\"async\" width=\"1200\" height=\"1200\" src=\"https:\/\/www.woodinspector.eu\/wp-content\/uploads\/2024\/08\/damian.jpg\" class=\"attachment-full size-full wp-image-1114\" alt=\"\" srcset=\"https:\/\/www.woodinspector.eu\/wp-content\/uploads\/2024\/08\/damian.jpg 1200w, https:\/\/www.woodinspector.eu\/wp-content\/uploads\/2024\/08\/damian-300x300.jpg 300w, https:\/\/www.woodinspector.eu\/wp-content\/uploads\/2024\/08\/damian-1024x1024.jpg 1024w, https:\/\/www.woodinspector.eu\/wp-content\/uploads\/2024\/08\/damian-150x150.jpg 150w, https:\/\/www.woodinspector.eu\/wp-content\/uploads\/2024\/08\/damian-768x768.jpg 768w, https:\/\/www.woodinspector.eu\/wp-content\/uploads\/2024\/08\/damian-12x12.jpg 12w\" sizes=\"(max-width: 1200px) 100vw, 1200px\" \/><\/figure><div class=\"elementor-image-box-content\"><h3 class=\"elementor-image-box-title\">Damian Podg\u00f3rny<\/h3><p class=\"elementor-image-box-description\"><small style=\"color:red; margin-bottom:-18px; display: block;\"> constructor of mechanical elements, designer of electronic circuits\n<\/small><br\/>\nDeals with hardware integration. He designs the necessary parts on an ongoing basis and supervises their production to finally connect them together...<\/p><\/div><\/div>\t\t<\/div>\n\t\t\t\t<\/div>\n\t\t\t\t<\/div>\n\t\t\t\t\t<\/div>\n\t\t\t\t<\/div>\n\t\t<div class=\"elementor-element elementor-element-e0bf43b e-flex e-con-boxed e-con e-parent\" data-id=\"e0bf43b\" data-element_type=\"container\">\n\t\t\t\t\t<div class=\"e-con-inner\">\n\t\t<div class=\"elementor-element elementor-element-36bbf59 e-con-full e-flex e-con e-child\" data-id=\"36bbf59\" data-element_type=\"container\">\n\t\t\t\t<div class=\"elementor-element elementor-element-eb906c7 elementor-position-left elementor-position-top elementor-vertical-align-middle elementor-widget elementor-widget-image-box\" data-id=\"eb906c7\" data-element_type=\"widget\" data-widget_type=\"image-box.default\">\n\t\t\t\t<div class=\"elementor-widget-container\">\n\t\t\t<div class=\"elementor-image-box-wrapper\"><figure class=\"elementor-image-box-img\"><img decoding=\"async\" width=\"370\" height=\"370\" src=\"https:\/\/www.woodinspector.eu\/wp-content\/uploads\/2024\/08\/milosz-lakomy-woodinspector-scaled-370x370-1-1.jpg\" class=\"attachment-full size-full wp-image-1119\" alt=\"\" srcset=\"https:\/\/www.woodinspector.eu\/wp-content\/uploads\/2024\/08\/milosz-lakomy-woodinspector-scaled-370x370-1-1.jpg 370w, https:\/\/www.woodinspector.eu\/wp-content\/uploads\/2024\/08\/milosz-lakomy-woodinspector-scaled-370x370-1-1-300x300.jpg 300w, https:\/\/www.woodinspector.eu\/wp-content\/uploads\/2024\/08\/milosz-lakomy-woodinspector-scaled-370x370-1-1-150x150.jpg 150w, https:\/\/www.woodinspector.eu\/wp-content\/uploads\/2024\/08\/milosz-lakomy-woodinspector-scaled-370x370-1-1-12x12.jpg 12w\" sizes=\"(max-width: 370px) 100vw, 370px\" \/><\/figure><div class=\"elementor-image-box-content\"><h3 class=\"elementor-image-box-title\">Mi\u0142osz \u0141akomy<\/h3><p class=\"elementor-image-box-description\"><small style=\"color:red; margin-bottom:-18px; display: block;\">designer of automation systems\n<\/small><br\/>\nHe tries \"to make everything possible happen by itself.\" Responsible for designing and constructing machine control systems and their...<\/p><\/div><\/div>\t\t<\/div>\n\t\t\t\t<\/div>\n\t\t\t\t<\/div>\n\t\t<div class=\"elementor-element elementor-element-56ad6d1 e-con-full e-flex e-con e-child\" data-id=\"56ad6d1\" data-element_type=\"container\">\n\t\t\t\t<\/div>\n\t\t\t\t\t<\/div>\n\t\t\t\t<\/div>\n\t\t\t\t<\/div>","protected":false},"excerpt":{"rendered":"<p>Firma WOODINSPECTOR powsta\u0142a w 2015 roku. Specjalizujemy si\u0119 w systemach skanowania, w kt\u00f3rych wykorzystujemy techniki wizyjne, technologi\u0119 AI i cyfrow\u0105 analiz\u0119 obrazu. Dedykujemy nasze produkty bran\u017cy drzewnej \u2013 zar\u00f3wno niewielkim tartakom, gdzie materia\u0142 jest r\u0119cznie kreskowany, jak i du\u017cym firmom ze zautomatyzowanymi liniami produkcyjnymi. Nasze produkty pomagaj\u0105 obni\u017cy\u0107 koszty pracy, zwi\u0119kszy\u0107 produkcj\u0119 i zminimalizowa\u0107 straty [&hellip;]<\/p>","protected":false},"author":2,"featured_media":0,"parent":0,"menu_order":0,"comment_status":"closed","ping_status":"closed","template":"","meta":{"footnotes":""},"class_list":["post-1012","page","type-page","status-publish","hentry"],"_links":{"self":[{"href":"https:\/\/www.woodinspector.eu\/en\/wp-json\/wp\/v2\/pages\/1012"}],"collection":[{"href":"https:\/\/www.woodinspector.eu\/en\/wp-json\/wp\/v2\/pages"}],"about":[{"href":"https:\/\/www.woodinspector.eu\/en\/wp-json\/wp\/v2\/types\/page"}],"author":[{"embeddable":true,"href":"https:\/\/www.woodinspector.eu\/en\/wp-json\/wp\/v2\/users\/2"}],"replies":[{"embeddable":true,"href":"https:\/\/www.woodinspector.eu\/en\/wp-json\/wp\/v2\/comments?post=1012"}],"version-history":[{"count":16,"href":"https:\/\/www.woodinspector.eu\/en\/wp-json\/wp\/v2\/pages\/1012\/revisions"}],"predecessor-version":[{"id":1126,"href":"https:\/\/www.woodinspector.eu\/en\/wp-json\/wp\/v2\/pages\/1012\/revisions\/1126"}],"wp:attachment":[{"href":"https:\/\/www.woodinspector.eu\/en\/wp-json\/wp\/v2\/media?parent=1012"}],"curies":[{"name":"wp","href":"https:\/\/api.w.org\/{rel}","templated":true}]}}