{"id":13,"date":"2024-07-30T12:14:47","date_gmt":"2024-07-30T12:14:47","guid":{"rendered":"https:\/\/www.woodinspector.eu\/?page_id=13"},"modified":"2024-09-18T08:44:52","modified_gmt":"2024-09-18T08:44:52","slug":"q-scan","status":"publish","type":"page","link":"https:\/\/www.woodinspector.eu\/en\/produkty\/q-scan\/","title":{"rendered":"Q-SCAN"},"content":{"rendered":"<div data-elementor-type=\"wp-page\" data-elementor-id=\"13\" class=\"elementor elementor-13\" data-elementor-post-type=\"page\">\n\t\t\t\t<div class=\"elementor-element elementor-element-96dcd37 e-flex e-con-boxed e-con e-parent\" data-id=\"96dcd37\" data-element_type=\"container\" data-settings=\"{&quot;background_background&quot;:&quot;classic&quot;}\">\n\t\t\t\t\t<div class=\"e-con-inner\">\n\t\t\t\t\t<\/div>\n\t\t\t\t<\/div>\n\t\t<div class=\"elementor-element elementor-element-1cbf210 e-flex e-con-boxed e-con e-parent\" data-id=\"1cbf210\" data-element_type=\"container\">\n\t\t\t\t\t<div class=\"e-con-inner\">\n\t\t\t\t<div class=\"elementor-element elementor-element-a3e0ae5 elementor-widget elementor-widget-image\" data-id=\"a3e0ae5\" data-element_type=\"widget\" data-widget_type=\"image.default\">\n\t\t\t\t<div class=\"elementor-widget-container\">\n\t\t\t\t\t\t\t\t\t\t\t\t\t<img fetchpriority=\"high\" decoding=\"async\" width=\"800\" height=\"591\" src=\"https:\/\/www.woodinspector.eu\/wp-content\/uploads\/2024\/07\/scianka-jp-2-1024x756.jpg\" class=\"attachment-large size-large wp-image-102\" alt=\"\" srcset=\"https:\/\/www.woodinspector.eu\/wp-content\/uploads\/2024\/07\/scianka-jp-2-1024x756.jpg 1024w, https:\/\/www.woodinspector.eu\/wp-content\/uploads\/2024\/07\/scianka-jp-2-300x222.jpg 300w, https:\/\/www.woodinspector.eu\/wp-content\/uploads\/2024\/07\/scianka-jp-2-768x567.jpg 768w, https:\/\/www.woodinspector.eu\/wp-content\/uploads\/2024\/07\/scianka-jp-2.jpg 1223w\" sizes=\"(max-width: 800px) 100vw, 800px\" \/>\t\t\t\t\t\t\t\t\t\t\t\t\t<\/div>\n\t\t\t\t<\/div>\n\t\t\t\t\t<\/div>\n\t\t\t\t<\/div>\n\t\t<div class=\"elementor-element elementor-element-9c51900 e-flex e-con-boxed e-con e-parent\" data-id=\"9c51900\" data-element_type=\"container\">\n\t\t\t\t\t<div class=\"e-con-inner\">\n\t\t\t\t<div class=\"elementor-element elementor-element-2dc97cb elementor-widget elementor-widget-heading\" data-id=\"2dc97cb\" data-element_type=\"widget\" data-widget_type=\"heading.default\">\n\t\t\t\t<div class=\"elementor-widget-container\">\n\t\t\t<h2 class=\"elementor-heading-title elementor-size-default\">Q-Scan AI - just scan!\n<\/h2>\t\t<\/div>\n\t\t\t\t<\/div>\n\t\t\t\t<div class=\"elementor-element elementor-element-a12d4ba elementor-widget elementor-widget-text-editor\" data-id=\"a12d4ba\" data-element_type=\"widget\" data-widget_type=\"text-editor.default\">\n\t\t\t\t<div class=\"elementor-widget-container\">\n\t\t\t\t\t\t\t<p class=\"p1 translation-block\">Q-Scan AI is a multi-sensor quality scanner for hardwood and softwood, planned and unplanned. Its integrated lasers and colour cameras, together with AI software, guarantee optimal detection of any defects on up to 4 sides:<\/p>\n<ul class=\"ul1\">\n<li class=\"li1\">knots<\/li>\n<li class=\"li1\">blue stain<\/li>\n<li class=\"li1\">resin<\/li>\n<li class=\"li1\">sapwood<\/li>\n<li class=\"li1\">compression wood<\/li>\n<li class=\"li1\">insects, etc.<\/li>\n<\/ul>\n<div><br><\/div>\n<p class=\"p1\">3D surface defects:<\/p>\n<ul class=\"ul1\">\n<li class=\"li1\">holes<\/li>\n<li class=\"li1\">cracks<\/li>\n<li class=\"li1\">wane<\/li>\n<li class=\"li1\">edge defects<\/li>\n<\/ul>\n<p class=\"p1\"><br><\/p><p class=\"p1\">Q-Scan AI creates a complete image of the material and its qualities. Then, in a matter of milliseconds, the system makes decisions on cutting, grading and sorting. The detection results rely mainly on Artificial Intelligence. The software learns to process images like a human brain. This results in improved recognition accuracy and a higher repeatability with changing wood characteristics.<\/p>\n<p class=\"p1\">The sorting criteria can be quickly and easily changed, which enables more flexible production and better control of the final product. The scanner is compatible with high-performance optimizing cross-cut saws and sorting systems and can work as an integral component of the overall line. With Q-Scan you can optimize your product by value, yield or production requirements. Our experience shows that the scanner\u2019s detection accuracy is far superior to manual sorting. Also, thanks to a simple and logical user guidance, Q-Scan can be easily operated by any employee.<\/p>\n<p class=\"p3\"><b>Parameters:<\/b><\/p>\n<ul class=\"ul1\">\n<li class=\"li4\"><span class=\"s3\">Scanning speed: up to 120 m\/min<\/span><\/li>\n<li class=\"li4\"><span class=\"s3\">Maximum cross-section of the material: 150\u00d7250 mm<\/span><\/li>\n<li class=\"li4\"><span class=\"s3\">Maximum dimensions: 3000x2000x800 mm.<\/span><\/li>\n<\/ul>\t\t\t\t\t\t<\/div>\n\t\t\t\t<\/div>\n\t\t\t\t\t<\/div>\n\t\t\t\t<\/div>\n\t\t<div class=\"elementor-element elementor-element-78240de e-flex e-con-boxed e-con e-parent\" data-id=\"78240de\" data-element_type=\"container\">\n\t\t\t\t\t<div class=\"e-con-inner\">\n\t\t\t\t<div class=\"elementor-element elementor-element-0322511 gallery-spacing-custom elementor-widget elementor-widget-image-gallery\" data-id=\"0322511\" data-element_type=\"widget\" data-widget_type=\"image-gallery.default\">\n\t\t\t\t<div class=\"elementor-widget-container\">\n\t\t\t\t\t<div class=\"elementor-image-gallery\">\n\t\t\t<div id='gallery-1' class='gallery galleryid-13 gallery-columns-3 gallery-size-medium_large'><figure class='gallery-item'>\n\t\t\t<div class='gallery-icon landscape'>\n\t\t\t\t<a data-elementor-open-lightbox=\"yes\" data-elementor-lightbox-slideshow=\"0322511\" data-elementor-lightbox-title=\"IMG_0906\" data-e-action-hash=\"#elementor-action%3Aaction%3Dlightbox%26settings%3DeyJpZCI6MTA3LCJ1cmwiOiJodHRwczpcL1wvd3d3Lndvb2RpbnNwZWN0b3IuZXVcL3dwLWNvbnRlbnRcL3VwbG9hZHNcLzIwMjRcLzA3XC9JTUdfMDkwNi5qcGciLCJzbGlkZXNob3ciOiIwMzIyNTExIn0%3D\" href='https:\/\/www.woodinspector.eu\/wp-content\/uploads\/2024\/07\/IMG_0906.jpg'><img decoding=\"async\" width=\"768\" height=\"512\" src=\"https:\/\/www.woodinspector.eu\/wp-content\/uploads\/2024\/07\/IMG_0906-768x512.jpg\" class=\"attachment-medium_large size-medium_large\" alt=\"\" srcset=\"https:\/\/www.woodinspector.eu\/wp-content\/uploads\/2024\/07\/IMG_0906-768x512.jpg 768w, https:\/\/www.woodinspector.eu\/wp-content\/uploads\/2024\/07\/IMG_0906-300x200.jpg 300w, https:\/\/www.woodinspector.eu\/wp-content\/uploads\/2024\/07\/IMG_0906-1024x683.jpg 1024w, https:\/\/www.woodinspector.eu\/wp-content\/uploads\/2024\/07\/IMG_0906.jpg 1200w\" sizes=\"(max-width: 768px) 100vw, 768px\" \/><\/a>\n\t\t\t<\/div><\/figure><figure class='gallery-item'>\n\t\t\t<div class='gallery-icon landscape'>\n\t\t\t\t<a data-elementor-open-lightbox=\"yes\" data-elementor-lightbox-slideshow=\"0322511\" data-elementor-lightbox-title=\"3.7\" data-e-action-hash=\"#elementor-action%3Aaction%3Dlightbox%26settings%3DeyJpZCI6MTA4LCJ1cmwiOiJodHRwczpcL1wvd3d3Lndvb2RpbnNwZWN0b3IuZXVcL3dwLWNvbnRlbnRcL3VwbG9hZHNcLzIwMjRcLzA3XC8zLjcuanBnIiwic2xpZGVzaG93IjoiMDMyMjUxMSJ9\" href='https:\/\/www.woodinspector.eu\/wp-content\/uploads\/2024\/07\/3.7.jpg'><img decoding=\"async\" width=\"768\" height=\"512\" src=\"https:\/\/www.woodinspector.eu\/wp-content\/uploads\/2024\/07\/3.7-768x512.jpg\" class=\"attachment-medium_large size-medium_large\" alt=\"\" srcset=\"https:\/\/www.woodinspector.eu\/wp-content\/uploads\/2024\/07\/3.7-768x512.jpg 768w, https:\/\/www.woodinspector.eu\/wp-content\/uploads\/2024\/07\/3.7-300x200.jpg 300w, https:\/\/www.woodinspector.eu\/wp-content\/uploads\/2024\/07\/3.7-1024x683.jpg 1024w, https:\/\/www.woodinspector.eu\/wp-content\/uploads\/2024\/07\/3.7.jpg 1200w\" sizes=\"(max-width: 768px) 100vw, 768px\" \/><\/a>\n\t\t\t<\/div><\/figure><figure class='gallery-item'>\n\t\t\t<div class='gallery-icon landscape'>\n\t\t\t\t<a data-elementor-open-lightbox=\"yes\" data-elementor-lightbox-slideshow=\"0322511\" data-elementor-lightbox-title=\"IMG_1150\" data-e-action-hash=\"#elementor-action%3Aaction%3Dlightbox%26settings%3DeyJpZCI6MTA5LCJ1cmwiOiJodHRwczpcL1wvd3d3Lndvb2RpbnNwZWN0b3IuZXVcL3dwLWNvbnRlbnRcL3VwbG9hZHNcLzIwMjRcLzA3XC9JTUdfMTE1MC5qcGciLCJzbGlkZXNob3ciOiIwMzIyNTExIn0%3D\" href='https:\/\/www.woodinspector.eu\/wp-content\/uploads\/2024\/07\/IMG_1150.jpg'><img loading=\"lazy\" decoding=\"async\" width=\"768\" height=\"512\" src=\"https:\/\/www.woodinspector.eu\/wp-content\/uploads\/2024\/07\/IMG_1150-768x512.jpg\" class=\"attachment-medium_large size-medium_large\" alt=\"\" srcset=\"https:\/\/www.woodinspector.eu\/wp-content\/uploads\/2024\/07\/IMG_1150-768x512.jpg 768w, https:\/\/www.woodinspector.eu\/wp-content\/uploads\/2024\/07\/IMG_1150-300x200.jpg 300w, https:\/\/www.woodinspector.eu\/wp-content\/uploads\/2024\/07\/IMG_1150-1024x683.jpg 1024w, https:\/\/www.woodinspector.eu\/wp-content\/uploads\/2024\/07\/IMG_1150.jpg 1200w\" sizes=\"(max-width: 768px) 100vw, 768px\" \/><\/a>\n\t\t\t<\/div><\/figure>\n\t\t<\/div>\n\t\t<\/div>\n\t\t\t\t<\/div>\n\t\t\t\t<\/div>\n\t\t\t\t\t<\/div>\n\t\t\t\t<\/div>\n\t\t<div class=\"elementor-element elementor-element-b2f1ab0 e-flex e-con-boxed e-con e-parent\" data-id=\"b2f1ab0\" data-element_type=\"container\">\n\t\t\t\t\t<div class=\"e-con-inner\">\n\t\t\t\t<div class=\"elementor-element elementor-element-990ad96 elementor-widget elementor-widget-video\" data-id=\"990ad96\" data-element_type=\"widget\" data-settings=\"{&quot;youtube_url&quot;:&quot;https:\\\/\\\/youtu.be\\\/Z-x-Jjt799U&quot;,&quot;video_type&quot;:&quot;youtube&quot;,&quot;controls&quot;:&quot;yes&quot;}\" data-widget_type=\"video.default\">\n\t\t\t\t<div class=\"elementor-widget-container\">\n\t\t\t\t\t<div class=\"elementor-wrapper elementor-open-inline\">\n\t\t\t<div class=\"elementor-video\"><\/div>\t\t<\/div>\n\t\t\t\t<\/div>\n\t\t\t\t<\/div>\n\t\t\t\t\t<\/div>\n\t\t\t\t<\/div>\n\t\t<div class=\"elementor-element elementor-element-fb55882 e-flex e-con-boxed e-con e-parent\" data-id=\"fb55882\" data-element_type=\"container\">\n\t\t\t\t\t<div class=\"e-con-inner\">\n\t\t\t\t<div class=\"elementor-element elementor-element-41ebdb9 elementor-widget elementor-widget-video\" data-id=\"41ebdb9\" data-element_type=\"widget\" data-settings=\"{&quot;youtube_url&quot;:&quot;https:\\\/\\\/youtu.be\\\/r-oSDfHc5QI&quot;,&quot;video_type&quot;:&quot;youtube&quot;,&quot;controls&quot;:&quot;yes&quot;}\" data-widget_type=\"video.default\">\n\t\t\t\t<div class=\"elementor-widget-container\">\n\t\t\t\t\t<div class=\"elementor-wrapper elementor-open-inline\">\n\t\t\t<div class=\"elementor-video\"><\/div>\t\t<\/div>\n\t\t\t\t<\/div>\n\t\t\t\t<\/div>\n\t\t\t\t\t<\/div>\n\t\t\t\t<\/div>\n\t\t<div class=\"elementor-element elementor-element-e2ae782 e-flex e-con-boxed e-con e-parent\" data-id=\"e2ae782\" data-element_type=\"container\">\n\t\t\t\t\t<div class=\"e-con-inner\">\n\t\t\t\t<div class=\"elementor-element elementor-element-01e63b5 elementor-widget elementor-widget-image\" data-id=\"01e63b5\" data-element_type=\"widget\" data-widget_type=\"image.default\">\n\t\t\t\t<div class=\"elementor-widget-container\">\n\t\t\t\t\t\t\t\t\t\t\t\t\t<img loading=\"lazy\" decoding=\"async\" width=\"800\" height=\"627\" src=\"https:\/\/www.woodinspector.eu\/wp-content\/uploads\/2024\/09\/Q-SCAN-AI-logo-1024x803.png\" class=\"attachment-large size-large wp-image-1179\" alt=\"\" srcset=\"https:\/\/www.woodinspector.eu\/wp-content\/uploads\/2024\/09\/Q-SCAN-AI-logo-1024x803.png 1024w, https:\/\/www.woodinspector.eu\/wp-content\/uploads\/2024\/09\/Q-SCAN-AI-logo-300x235.png 300w, https:\/\/www.woodinspector.eu\/wp-content\/uploads\/2024\/09\/Q-SCAN-AI-logo-768x603.png 768w, https:\/\/www.woodinspector.eu\/wp-content\/uploads\/2024\/09\/Q-SCAN-AI-logo-1536x1205.png 1536w, https:\/\/www.woodinspector.eu\/wp-content\/uploads\/2024\/09\/Q-SCAN-AI-logo-2048x1607.png 2048w, https:\/\/www.woodinspector.eu\/wp-content\/uploads\/2024\/09\/Q-SCAN-AI-logo-15x12.png 15w\" sizes=\"(max-width: 800px) 100vw, 800px\" \/>\t\t\t\t\t\t\t\t\t\t\t\t\t<\/div>\n\t\t\t\t<\/div>\n\t\t\t\t\t<\/div>\n\t\t\t\t<\/div>\n\t\t\t\t<\/div>","protected":false},"excerpt":{"rendered":"<p>Q-Scan \u2013 po prostu SKANUJ! Q-Scan AI&nbsp; to nowoczesny i efektywny skaner do drewna li\u015bciastego i iglastego, struganego i niestruganego. Dzi\u0119ki wbudowanym laserom i kamerom oraz oprogramowaniu AI system gwarantuje optymalne wykrywanie wad, takich jak: s\u0119ki zdrowe i chore, sinizna, \u017cywica, biel, twardziel, robak, itd. Skaner rozpoznaje r\u00f3wnie\u017c wady tr\u00f3jwymiarowe, takie jak: ubytki, p\u0119kni\u0119cia, brak [&hellip;]<\/p>","protected":false},"author":2,"featured_media":0,"parent":11,"menu_order":0,"comment_status":"closed","ping_status":"closed","template":"","meta":{"footnotes":""},"class_list":["post-13","page","type-page","status-publish","hentry"],"_links":{"self":[{"href":"https:\/\/www.woodinspector.eu\/en\/wp-json\/wp\/v2\/pages\/13"}],"collection":[{"href":"https:\/\/www.woodinspector.eu\/en\/wp-json\/wp\/v2\/pages"}],"about":[{"href":"https:\/\/www.woodinspector.eu\/en\/wp-json\/wp\/v2\/types\/page"}],"author":[{"embeddable":true,"href":"https:\/\/www.woodinspector.eu\/en\/wp-json\/wp\/v2\/users\/2"}],"replies":[{"embeddable":true,"href":"https:\/\/www.woodinspector.eu\/en\/wp-json\/wp\/v2\/comments?post=13"}],"version-history":[{"count":19,"href":"https:\/\/www.woodinspector.eu\/en\/wp-json\/wp\/v2\/pages\/13\/revisions"}],"predecessor-version":[{"id":1182,"href":"https:\/\/www.woodinspector.eu\/en\/wp-json\/wp\/v2\/pages\/13\/revisions\/1182"}],"up":[{"embeddable":true,"href":"https:\/\/www.woodinspector.eu\/en\/wp-json\/wp\/v2\/pages\/11"}],"wp:attachment":[{"href":"https:\/\/www.woodinspector.eu\/en\/wp-json\/wp\/v2\/media?parent=13"}],"curies":[{"name":"wp","href":"https:\/\/api.w.org\/{rel}","templated":true}]}}