{"id":17,"date":"2024-07-30T12:15:54","date_gmt":"2024-07-30T12:15:54","guid":{"rendered":"https:\/\/www.woodinspector.eu\/?page_id=17"},"modified":"2024-08-12T13:08:57","modified_gmt":"2024-08-12T13:08:57","slug":"woodbase","status":"publish","type":"page","link":"https:\/\/www.woodinspector.eu\/en\/produkty\/woodbase\/","title":{"rendered":"Woodbase"},"content":{"rendered":"<div data-elementor-type=\"wp-page\" data-elementor-id=\"17\" class=\"elementor elementor-17\" data-elementor-post-type=\"page\">\n\t\t\t\t<div class=\"elementor-element elementor-element-62ee6879 e-flex e-con-boxed e-con e-parent\" data-id=\"62ee6879\" data-element_type=\"container\" data-settings=\"{&quot;background_background&quot;:&quot;classic&quot;}\">\n\t\t\t\t\t<div class=\"e-con-inner\">\n\t\t\t\t\t<\/div>\n\t\t\t\t<\/div>\n\t\t<div class=\"elementor-element elementor-element-253fd300 e-flex e-con-boxed e-con e-parent\" data-id=\"253fd300\" data-element_type=\"container\">\n\t\t\t\t\t<div class=\"e-con-inner\">\n\t\t\t\t<div class=\"elementor-element elementor-element-66f2365 elementor-widget elementor-widget-image\" data-id=\"66f2365\" data-element_type=\"widget\" data-widget_type=\"image.default\">\n\t\t\t\t<div class=\"elementor-widget-container\">\n\t\t\t\t\t\t\t\t\t\t\t\t\t<img fetchpriority=\"high\" decoding=\"async\" width=\"800\" height=\"791\" src=\"https:\/\/www.woodinspector.eu\/wp-content\/uploads\/2024\/08\/Woodbase-logo-1024x1012.png\" class=\"attachment-large size-large wp-image-1043\" alt=\"\" srcset=\"https:\/\/www.woodinspector.eu\/wp-content\/uploads\/2024\/08\/Woodbase-logo-1024x1012.png 1024w, https:\/\/www.woodinspector.eu\/wp-content\/uploads\/2024\/08\/Woodbase-logo-300x297.png 300w, https:\/\/www.woodinspector.eu\/wp-content\/uploads\/2024\/08\/Woodbase-logo-768x759.png 768w, https:\/\/www.woodinspector.eu\/wp-content\/uploads\/2024\/08\/Woodbase-logo-1536x1518.png 1536w, https:\/\/www.woodinspector.eu\/wp-content\/uploads\/2024\/08\/Woodbase-logo-12x12.png 12w, https:\/\/www.woodinspector.eu\/wp-content\/uploads\/2024\/08\/Woodbase-logo.png 1920w\" sizes=\"(max-width: 800px) 100vw, 800px\" \/>\t\t\t\t\t\t\t\t\t\t\t\t\t<\/div>\n\t\t\t\t<\/div>\n\t\t\t\t\t<\/div>\n\t\t\t\t<\/div>\n\t\t<div class=\"elementor-element elementor-element-228ca02e e-flex e-con-boxed e-con e-parent\" data-id=\"228ca02e\" data-element_type=\"container\">\n\t\t\t\t\t<div class=\"e-con-inner\">\n\t\t\t\t<div class=\"elementor-element elementor-element-4f3755b3 elementor-widget elementor-widget-heading\" data-id=\"4f3755b3\" data-element_type=\"widget\" data-widget_type=\"heading.default\">\n\t\t\t\t<div class=\"elementor-widget-container\">\n\t\t\t<h2 class=\"elementor-heading-title elementor-size-default\">WOODBASE STORAGE SYSTEM\n<\/h2>\t\t<\/div>\n\t\t\t\t<\/div>\n\t\t\t\t<div class=\"elementor-element elementor-element-5142ae19 elementor-widget elementor-widget-text-editor\" data-id=\"5142ae19\" data-element_type=\"widget\" data-widget_type=\"text-editor.default\">\n\t\t\t\t<div class=\"elementor-widget-container\">\n\t\t\t\t\t\t\t<div class=\"wpb_wrapper\"><p class=\"p1\">The main idea of the system is to improve the management of the material. With the WOODBASE storage system, it is possible to handle even one piece of board in the material flow stream. The basic idea of \u200b\u200bthe WOODBASE warehouse system is the ability to define packages, boards and orders in digital form and assign them many helpful properties - e.g. class, species, supplier, dimensions, drying, place in the warehouse (e.g. drying room 1). Thanks to these properties, we are able to quickly check, for example, the current stock level and be aware of what material we have for internal production and sales.<\/p><p class=\"p1\">By assigning lumber packages to appropriate batches of logs in one printout, we will receive a ready summary of log cutting - we will be fully aware of the percentage efficiency of each transport of round raw material.<\/p><p class=\"p1\">The devices on which the system operates are adapted to working in difficult conditions.<\/p><p class=\"p1\">Data collectors, tablets, desktop computers with touch screens and label printers. Our first WOODBASE system has been working constantly since 2015. The devices are often used outdoors, in dusty and humid environment.<\/p><\/div>\t\t\t\t\t\t<\/div>\n\t\t\t\t<\/div>\n\t\t\t\t<div class=\"elementor-element elementor-element-8f5f6f2 elementor-widget elementor-widget-heading\" data-id=\"8f5f6f2\" data-element_type=\"widget\" data-widget_type=\"heading.default\">\n\t\t\t\t<div class=\"elementor-widget-container\">\n\t\t\t<h2 class=\"elementor-heading-title elementor-size-default\">WOODBASE system functionalities supported by the experience of our clients:<\/h2>\t\t<\/div>\n\t\t\t\t<\/div>\n\t\t\t\t<div class=\"elementor-element elementor-element-1d9839d elementor-widget elementor-widget-text-editor\" data-id=\"1d9839d\" data-element_type=\"widget\" data-widget_type=\"text-editor.default\">\n\t\t\t\t<div class=\"elementor-widget-container\">\n\t\t\t\t\t\t\t<ul><li><span class=\"s2\">cubifying unedged sawn timber during sorting - no more writing on pieces of paper in the square,<\/span><\/li><\/ul><ul class=\"ul1\"><li class=\"li2\"><span class=\"s2\">generating ready-made sales documents with downloading prices from ready-made price lists,<\/span><\/li><li class=\"li2\"><span class=\"s2\">material management in dryers,<\/span><\/li><li class=\"li2\"><span class=\"s2\">summary of roundwood batch performance,<\/span><\/li><li class=\"li2\"><span class=\"s2\">summary of the efficiency of cutting unedged sawn timber,<\/span><\/li><li class=\"li2\"><span class=\"s2\">archiving sawn timber in real photos - each board is photographed,<\/span><\/li><li class=\"li2\"><span class=\"s2\">possibility of declaring prices for each type of product and customer separately.<\/span><\/li><\/ul><div>\u00a0<\/div><p><strong>Hardware options:<\/strong><\/p><ul><li style=\"list-style-type: none;\"><ul class=\"ul1\"><li class=\"li2\"><span class=\"s2\">stationary operator station,<\/span><\/li><li class=\"li2\"><span class=\"s2\">industrial tablet,<\/span><\/li><li class=\"li2\"><span class=\"s2\">data collector,<\/span><\/li><li class=\"li2\"><span class=\"s2\">label printer (resistant to drying rooms, weather conditions, etc.),<\/span><\/li><li class=\"li2\"><span class=\"s2\">remote data entry keyboard,<\/span><\/li><li class=\"li2\"><span class=\"s2\">IP cameras for archiving photos of sorted raw materials.<\/span><\/li><\/ul><\/li><\/ul><p>\u00a0<\/p>\t\t\t\t\t\t<\/div>\n\t\t\t\t<\/div>\n\t\t\t\t\t<\/div>\n\t\t\t\t<\/div>\n\t\t<div class=\"elementor-element elementor-element-75edacd5 e-flex e-con-boxed e-con e-parent\" data-id=\"75edacd5\" data-element_type=\"container\">\n\t\t\t\t\t<div class=\"e-con-inner\">\n\t\t\t\t<div class=\"elementor-element elementor-element-865fc83 elementor-widget elementor-widget-gallery\" data-id=\"865fc83\" data-element_type=\"widget\" data-settings=\"{&quot;columns&quot;:3,&quot;lazyload&quot;:&quot;yes&quot;,&quot;gallery_layout&quot;:&quot;grid&quot;,&quot;columns_tablet&quot;:2,&quot;columns_mobile&quot;:1,&quot;gap&quot;:{&quot;unit&quot;:&quot;px&quot;,&quot;size&quot;:10,&quot;sizes&quot;:[]},&quot;gap_tablet&quot;:{&quot;unit&quot;:&quot;px&quot;,&quot;size&quot;:10,&quot;sizes&quot;:[]},&quot;gap_mobile&quot;:{&quot;unit&quot;:&quot;px&quot;,&quot;size&quot;:10,&quot;sizes&quot;:[]},&quot;link_to&quot;:&quot;file&quot;,&quot;aspect_ratio&quot;:&quot;3:2&quot;,&quot;overlay_background&quot;:&quot;yes&quot;,&quot;content_hover_animation&quot;:&quot;fade-in&quot;}\" data-widget_type=\"gallery.default\">\n\t\t\t\t<div class=\"elementor-widget-container\">\n\t\t\t\t\t<div class=\"elementor-gallery__container\">\n\t\t\t\t\t\t\t<a class=\"e-gallery-item elementor-gallery-item elementor-animated-content\" href=\"https:\/\/www.woodinspector.eu\/wp-content\/uploads\/2024\/08\/wydruk-1024x846-1.png\" data-elementor-open-lightbox=\"yes\" data-elementor-lightbox-slideshow=\"865fc83\" data-elementor-lightbox-title=\"wydruk-1024x846\" data-e-action-hash=\"#elementor-action%3Aaction%3Dlightbox%26settings%3DeyJpZCI6MTA1NywidXJsIjoiaHR0cHM6XC9cL3d3dy53b29kaW5zcGVjdG9yLmV1XC93cC1jb250ZW50XC91cGxvYWRzXC8yMDI0XC8wOFwvd3lkcnVrLTEwMjR4ODQ2LTEucG5nIiwic2xpZGVzaG93IjoiODY1ZmM4MyJ9\">\n\t\t\t\t\t<div class=\"e-gallery-image elementor-gallery-item__image\" data-thumbnail=\"https:\/\/www.woodinspector.eu\/wp-content\/uploads\/2024\/08\/wydruk-1024x846-1-300x248.png\" data-width=\"300\" data-height=\"248\" aria-label=\"\" role=\"img\" ><\/div>\n\t\t\t\t\t\t\t\t\t\t\t<div class=\"elementor-gallery-item__overlay\"><\/div>\n\t\t\t\t\t\t\t\t\t\t\t\t\t\t<\/a>\n\t\t\t\t\t\t\t<a class=\"e-gallery-item elementor-gallery-item elementor-animated-content\" href=\"https:\/\/www.woodinspector.eu\/wp-content\/uploads\/2024\/08\/woodbase2-woodinspector.jpg\" data-elementor-open-lightbox=\"yes\" data-elementor-lightbox-slideshow=\"865fc83\" data-elementor-lightbox-title=\"woodbase2-woodinspector\" data-e-action-hash=\"#elementor-action%3Aaction%3Dlightbox%26settings%3DeyJpZCI6MTA1NiwidXJsIjoiaHR0cHM6XC9cL3d3dy53b29kaW5zcGVjdG9yLmV1XC93cC1jb250ZW50XC91cGxvYWRzXC8yMDI0XC8wOFwvd29vZGJhc2UyLXdvb2RpbnNwZWN0b3IuanBnIiwic2xpZGVzaG93IjoiODY1ZmM4MyJ9\">\n\t\t\t\t\t<div class=\"e-gallery-image elementor-gallery-item__image\" data-thumbnail=\"https:\/\/www.woodinspector.eu\/wp-content\/uploads\/2024\/08\/woodbase2-woodinspector-300x169.jpg\" data-width=\"300\" data-height=\"169\" aria-label=\"\" role=\"img\" ><\/div>\n\t\t\t\t\t\t\t\t\t\t\t<div class=\"elementor-gallery-item__overlay\"><\/div>\n\t\t\t\t\t\t\t\t\t\t\t\t\t\t<\/a>\n\t\t\t\t\t\t\t<a class=\"e-gallery-item elementor-gallery-item elementor-animated-content\" href=\"https:\/\/www.woodinspector.eu\/wp-content\/uploads\/2024\/08\/woodbase1-woodinspector-1.jpg\" data-elementor-open-lightbox=\"yes\" data-elementor-lightbox-slideshow=\"865fc83\" data-elementor-lightbox-title=\"woodbase1-woodinspector (1)\" data-e-action-hash=\"#elementor-action%3Aaction%3Dlightbox%26settings%3DeyJpZCI6MTA1NCwidXJsIjoiaHR0cHM6XC9cL3d3dy53b29kaW5zcGVjdG9yLmV1XC93cC1jb250ZW50XC91cGxvYWRzXC8yMDI0XC8wOFwvd29vZGJhc2UxLXdvb2RpbnNwZWN0b3ItMS5qcGciLCJzbGlkZXNob3ciOiI4NjVmYzgzIn0%3D\">\n\t\t\t\t\t<div class=\"e-gallery-image elementor-gallery-item__image\" data-thumbnail=\"https:\/\/www.woodinspector.eu\/wp-content\/uploads\/2024\/08\/woodbase1-woodinspector-1-300x169.jpg\" data-width=\"300\" data-height=\"169\" aria-label=\"\" role=\"img\" ><\/div>\n\t\t\t\t\t\t\t\t\t\t\t<div class=\"elementor-gallery-item__overlay\"><\/div>\n\t\t\t\t\t\t\t\t\t\t\t\t\t\t<\/a>\n\t\t\t\t\t\t\t<a class=\"e-gallery-item elementor-gallery-item elementor-animated-content\" href=\"https:\/\/www.woodinspector.eu\/wp-content\/uploads\/2024\/08\/woodbase.jpg\" data-elementor-open-lightbox=\"yes\" data-elementor-lightbox-slideshow=\"865fc83\" data-elementor-lightbox-title=\"woodbase\" data-e-action-hash=\"#elementor-action%3Aaction%3Dlightbox%26settings%3DeyJpZCI6MTA1MywidXJsIjoiaHR0cHM6XC9cL3d3dy53b29kaW5zcGVjdG9yLmV1XC93cC1jb250ZW50XC91cGxvYWRzXC8yMDI0XC8wOFwvd29vZGJhc2UuanBnIiwic2xpZGVzaG93IjoiODY1ZmM4MyJ9\">\n\t\t\t\t\t<div class=\"e-gallery-image elementor-gallery-item__image\" data-thumbnail=\"https:\/\/www.woodinspector.eu\/wp-content\/uploads\/2024\/08\/woodbase-300x167.jpg\" data-width=\"300\" data-height=\"167\" aria-label=\"\" role=\"img\" ><\/div>\n\t\t\t\t\t\t\t\t\t\t\t<div class=\"elementor-gallery-item__overlay\"><\/div>\n\t\t\t\t\t\t\t\t\t\t\t\t\t\t<\/a>\n\t\t\t\t\t\t\t<a class=\"e-gallery-item elementor-gallery-item elementor-animated-content\" href=\"https:\/\/www.woodinspector.eu\/wp-content\/uploads\/2024\/08\/Pan-Jozef-1024x797-1.jpg\" data-elementor-open-lightbox=\"yes\" data-elementor-lightbox-slideshow=\"865fc83\" data-elementor-lightbox-title=\"Pan-Jo\u0301zef-1024x797\" data-e-action-hash=\"#elementor-action%3Aaction%3Dlightbox%26settings%3DeyJpZCI6MTA1MiwidXJsIjoiaHR0cHM6XC9cL3d3dy53b29kaW5zcGVjdG9yLmV1XC93cC1jb250ZW50XC91cGxvYWRzXC8yMDI0XC8wOFwvUGFuLUpvemVmLTEwMjR4Nzk3LTEuanBnIiwic2xpZGVzaG93IjoiODY1ZmM4MyJ9\">\n\t\t\t\t\t<div class=\"e-gallery-image elementor-gallery-item__image\" data-thumbnail=\"https:\/\/www.woodinspector.eu\/wp-content\/uploads\/2024\/08\/Pan-Jozef-1024x797-1-300x233.jpg\" data-width=\"300\" data-height=\"233\" aria-label=\"\" role=\"img\" ><\/div>\n\t\t\t\t\t\t\t\t\t\t\t<div class=\"elementor-gallery-item__overlay\"><\/div>\n\t\t\t\t\t\t\t\t\t\t\t\t\t\t<\/a>\n\t\t\t\t\t\t\t<a class=\"e-gallery-item elementor-gallery-item elementor-animated-content\" href=\"https:\/\/www.woodinspector.eu\/wp-content\/uploads\/2024\/08\/IMG_1079.jpg\" data-elementor-open-lightbox=\"yes\" data-elementor-lightbox-slideshow=\"865fc83\" data-elementor-lightbox-title=\"IMG_1079\" data-e-action-hash=\"#elementor-action%3Aaction%3Dlightbox%26settings%3DeyJpZCI6MTA1MSwidXJsIjoiaHR0cHM6XC9cL3d3dy53b29kaW5zcGVjdG9yLmV1XC93cC1jb250ZW50XC91cGxvYWRzXC8yMDI0XC8wOFwvSU1HXzEwNzkuanBnIiwic2xpZGVzaG93IjoiODY1ZmM4MyJ9\">\n\t\t\t\t\t<div class=\"e-gallery-image elementor-gallery-item__image\" data-thumbnail=\"https:\/\/www.woodinspector.eu\/wp-content\/uploads\/2024\/08\/IMG_1079-300x200.jpg\" data-width=\"300\" data-height=\"200\" aria-label=\"\" role=\"img\" ><\/div>\n\t\t\t\t\t\t\t\t\t\t\t<div class=\"elementor-gallery-item__overlay\"><\/div>\n\t\t\t\t\t\t\t\t\t\t\t\t\t\t<\/a>\n\t\t\t\t\t\t\t<a class=\"e-gallery-item elementor-gallery-item elementor-animated-content\" href=\"https:\/\/www.woodinspector.eu\/wp-content\/uploads\/2024\/08\/DSC00023-1024x685-1.jpg\" data-elementor-open-lightbox=\"yes\" data-elementor-lightbox-slideshow=\"865fc83\" data-elementor-lightbox-title=\"SONY DSC\" data-e-action-hash=\"#elementor-action%3Aaction%3Dlightbox%26settings%3DeyJpZCI6MTA1MCwidXJsIjoiaHR0cHM6XC9cL3d3dy53b29kaW5zcGVjdG9yLmV1XC93cC1jb250ZW50XC91cGxvYWRzXC8yMDI0XC8wOFwvRFNDMDAwMjMtMTAyNHg2ODUtMS5qcGciLCJzbGlkZXNob3ciOiI4NjVmYzgzIn0%3D\">\n\t\t\t\t\t<div class=\"e-gallery-image elementor-gallery-item__image\" data-thumbnail=\"https:\/\/www.woodinspector.eu\/wp-content\/uploads\/2024\/08\/DSC00023-1024x685-1-300x201.jpg\" data-width=\"300\" data-height=\"201\" aria-label=\"\" role=\"img\" ><\/div>\n\t\t\t\t\t\t\t\t\t\t\t<div class=\"elementor-gallery-item__overlay\"><\/div>\n\t\t\t\t\t\t\t\t\t\t\t\t\t\t<\/a>\n\t\t\t\t\t\t\t<a class=\"e-gallery-item elementor-gallery-item elementor-animated-content\" href=\"https:\/\/www.woodinspector.eu\/wp-content\/uploads\/2024\/08\/DSC00015-1024x685-1.jpg\" data-elementor-open-lightbox=\"yes\" data-elementor-lightbox-slideshow=\"865fc83\" data-elementor-lightbox-title=\"SONY DSC\" data-e-action-hash=\"#elementor-action%3Aaction%3Dlightbox%26settings%3DeyJpZCI6MTA0OSwidXJsIjoiaHR0cHM6XC9cL3d3dy53b29kaW5zcGVjdG9yLmV1XC93cC1jb250ZW50XC91cGxvYWRzXC8yMDI0XC8wOFwvRFNDMDAwMTUtMTAyNHg2ODUtMS5qcGciLCJzbGlkZXNob3ciOiI4NjVmYzgzIn0%3D\">\n\t\t\t\t\t<div class=\"e-gallery-image elementor-gallery-item__image\" data-thumbnail=\"https:\/\/www.woodinspector.eu\/wp-content\/uploads\/2024\/08\/DSC00015-1024x685-1-300x201.jpg\" data-width=\"300\" data-height=\"201\" aria-label=\"\" role=\"img\" ><\/div>\n\t\t\t\t\t\t\t\t\t\t\t<div class=\"elementor-gallery-item__overlay\"><\/div>\n\t\t\t\t\t\t\t\t\t\t\t\t\t\t<\/a>\n\t\t\t\t\t\t\t<a class=\"e-gallery-item elementor-gallery-item elementor-animated-content\" href=\"https:\/\/www.woodinspector.eu\/wp-content\/uploads\/2024\/08\/DSC00005-1024x685-1.jpg\" data-elementor-open-lightbox=\"yes\" data-elementor-lightbox-slideshow=\"865fc83\" data-elementor-lightbox-title=\"SONY DSC\" data-e-action-hash=\"#elementor-action%3Aaction%3Dlightbox%26settings%3DeyJpZCI6MTA0OCwidXJsIjoiaHR0cHM6XC9cL3d3dy53b29kaW5zcGVjdG9yLmV1XC93cC1jb250ZW50XC91cGxvYWRzXC8yMDI0XC8wOFwvRFNDMDAwMDUtMTAyNHg2ODUtMS5qcGciLCJzbGlkZXNob3ciOiI4NjVmYzgzIn0%3D\">\n\t\t\t\t\t<div class=\"e-gallery-image elementor-gallery-item__image\" data-thumbnail=\"https:\/\/www.woodinspector.eu\/wp-content\/uploads\/2024\/08\/DSC00005-1024x685-1-300x201.jpg\" data-width=\"300\" data-height=\"201\" aria-label=\"\" role=\"img\" ><\/div>\n\t\t\t\t\t\t\t\t\t\t\t<div class=\"elementor-gallery-item__overlay\"><\/div>\n\t\t\t\t\t\t\t\t\t\t\t\t\t\t<\/a>\n\t\t\t\t\t\t\t<a class=\"e-gallery-item elementor-gallery-item elementor-animated-content\" href=\"https:\/\/www.woodinspector.eu\/wp-content\/uploads\/2024\/08\/20170626_150923-1024x576-1.jpg\" data-elementor-open-lightbox=\"yes\" data-elementor-lightbox-slideshow=\"865fc83\" data-elementor-lightbox-title=\"20170626_150923-1024x576\" data-e-action-hash=\"#elementor-action%3Aaction%3Dlightbox%26settings%3DeyJpZCI6MTA0NywidXJsIjoiaHR0cHM6XC9cL3d3dy53b29kaW5zcGVjdG9yLmV1XC93cC1jb250ZW50XC91cGxvYWRzXC8yMDI0XC8wOFwvMjAxNzA2MjZfMTUwOTIzLTEwMjR4NTc2LTEuanBnIiwic2xpZGVzaG93IjoiODY1ZmM4MyJ9\">\n\t\t\t\t\t<div class=\"e-gallery-image elementor-gallery-item__image\" data-thumbnail=\"https:\/\/www.woodinspector.eu\/wp-content\/uploads\/2024\/08\/20170626_150923-1024x576-1-300x169.jpg\" data-width=\"300\" data-height=\"169\" aria-label=\"\" role=\"img\" ><\/div>\n\t\t\t\t\t\t\t\t\t\t\t<div class=\"elementor-gallery-item__overlay\"><\/div>\n\t\t\t\t\t\t\t\t\t\t\t\t\t\t<\/a>\n\t\t\t\t\t\t\t<a class=\"e-gallery-item elementor-gallery-item elementor-animated-content\" href=\"https:\/\/www.woodinspector.eu\/wp-content\/uploads\/2024\/08\/20170405_124834-1024x576-1.jpg\" data-elementor-open-lightbox=\"yes\" data-elementor-lightbox-slideshow=\"865fc83\" data-elementor-lightbox-title=\"20170405_124834-1024x576\" data-e-action-hash=\"#elementor-action%3Aaction%3Dlightbox%26settings%3DeyJpZCI6MTA0NiwidXJsIjoiaHR0cHM6XC9cL3d3dy53b29kaW5zcGVjdG9yLmV1XC93cC1jb250ZW50XC91cGxvYWRzXC8yMDI0XC8wOFwvMjAxNzA0MDVfMTI0ODM0LTEwMjR4NTc2LTEuanBnIiwic2xpZGVzaG93IjoiODY1ZmM4MyJ9\">\n\t\t\t\t\t<div class=\"e-gallery-image elementor-gallery-item__image\" data-thumbnail=\"https:\/\/www.woodinspector.eu\/wp-content\/uploads\/2024\/08\/20170405_124834-1024x576-1-300x169.jpg\" data-width=\"300\" data-height=\"169\" aria-label=\"\" role=\"img\" ><\/div>\n\t\t\t\t\t\t\t\t\t\t\t<div class=\"elementor-gallery-item__overlay\"><\/div>\n\t\t\t\t\t\t\t\t\t\t\t\t\t\t<\/a>\n\t\t\t\t\t\t\t<a class=\"e-gallery-item elementor-gallery-item elementor-animated-content\" href=\"https:\/\/www.woodinspector.eu\/wp-content\/uploads\/2024\/08\/20170405_124812-1024x576-1.jpg\" data-elementor-open-lightbox=\"yes\" data-elementor-lightbox-slideshow=\"865fc83\" data-elementor-lightbox-title=\"20170405_124812-1024x576\" data-e-action-hash=\"#elementor-action%3Aaction%3Dlightbox%26settings%3DeyJpZCI6MTA0NSwidXJsIjoiaHR0cHM6XC9cL3d3dy53b29kaW5zcGVjdG9yLmV1XC93cC1jb250ZW50XC91cGxvYWRzXC8yMDI0XC8wOFwvMjAxNzA0MDVfMTI0ODEyLTEwMjR4NTc2LTEuanBnIiwic2xpZGVzaG93IjoiODY1ZmM4MyJ9\">\n\t\t\t\t\t<div class=\"e-gallery-image elementor-gallery-item__image\" data-thumbnail=\"https:\/\/www.woodinspector.eu\/wp-content\/uploads\/2024\/08\/20170405_124812-1024x576-1-300x169.jpg\" data-width=\"300\" data-height=\"169\" aria-label=\"\" role=\"img\" ><\/div>\n\t\t\t\t\t\t\t\t\t\t\t<div class=\"elementor-gallery-item__overlay\"><\/div>\n\t\t\t\t\t\t\t\t\t\t\t\t\t\t<\/a>\n\t\t\t\t\t\t\t<a class=\"e-gallery-item elementor-gallery-item elementor-animated-content\" href=\"https:\/\/www.woodinspector.eu\/wp-content\/uploads\/2024\/08\/20160823_154140-1024x576-1.jpg\" data-elementor-open-lightbox=\"yes\" data-elementor-lightbox-slideshow=\"865fc83\" data-elementor-lightbox-title=\"20160823_154140-1024x576\" data-e-action-hash=\"#elementor-action%3Aaction%3Dlightbox%26settings%3DeyJpZCI6MTA0NCwidXJsIjoiaHR0cHM6XC9cL3d3dy53b29kaW5zcGVjdG9yLmV1XC93cC1jb250ZW50XC91cGxvYWRzXC8yMDI0XC8wOFwvMjAxNjA4MjNfMTU0MTQwLTEwMjR4NTc2LTEuanBnIiwic2xpZGVzaG93IjoiODY1ZmM4MyJ9\">\n\t\t\t\t\t<div class=\"e-gallery-image elementor-gallery-item__image\" data-thumbnail=\"https:\/\/www.woodinspector.eu\/wp-content\/uploads\/2024\/08\/20160823_154140-1024x576-1-300x169.jpg\" data-width=\"300\" data-height=\"169\" aria-label=\"\" role=\"img\" ><\/div>\n\t\t\t\t\t\t\t\t\t\t\t<div class=\"elementor-gallery-item__overlay\"><\/div>\n\t\t\t\t\t\t\t\t\t\t\t\t\t\t<\/a>\n\t\t\t\t\t<\/div>\n\t\t\t<\/div>\n\t\t\t\t<\/div>\n\t\t\t\t\t<\/div>\n\t\t\t\t<\/div>\n\t\t<div class=\"elementor-element elementor-element-13884276 e-flex e-con-boxed e-con e-parent\" data-id=\"13884276\" data-element_type=\"container\">\n\t\t\t\t\t<div class=\"e-con-inner\">\n\t\t\t\t<div class=\"elementor-element elementor-element-6a1dfea8 elementor-widget elementor-widget-video\" data-id=\"6a1dfea8\" data-element_type=\"widget\" data-settings=\"{&quot;youtube_url&quot;:&quot;https:\\\/\\\/youtu.be\\\/pS-cosbwDH0&quot;,&quot;video_type&quot;:&quot;youtube&quot;,&quot;controls&quot;:&quot;yes&quot;}\" data-widget_type=\"video.default\">\n\t\t\t\t<div class=\"elementor-widget-container\">\n\t\t\t\t\t<div class=\"elementor-wrapper elementor-open-inline\">\n\t\t\t<div class=\"elementor-video\"><\/div>\t\t<\/div>\n\t\t\t\t<\/div>\n\t\t\t\t<\/div>\n\t\t\t\t\t<\/div>\n\t\t\t\t<\/div>\n\t\t<div class=\"elementor-element elementor-element-773479e5 e-flex e-con-boxed e-con e-parent\" data-id=\"773479e5\" data-element_type=\"container\">\n\t\t\t\t\t<div class=\"e-con-inner\">\n\t\t\t\t<div class=\"elementor-element elementor-element-7856a020 elementor-widget elementor-widget-video\" data-id=\"7856a020\" data-element_type=\"widget\" data-settings=\"{&quot;youtube_url&quot;:&quot;https:\\\/\\\/youtu.be\\\/0CY7kkZsDKg&quot;,&quot;video_type&quot;:&quot;youtube&quot;,&quot;controls&quot;:&quot;yes&quot;}\" data-widget_type=\"video.default\">\n\t\t\t\t<div class=\"elementor-widget-container\">\n\t\t\t\t\t<div class=\"elementor-wrapper elementor-open-inline\">\n\t\t\t<div class=\"elementor-video\"><\/div>\t\t<\/div>\n\t\t\t\t<\/div>\n\t\t\t\t<\/div>\n\t\t\t\t\t<\/div>\n\t\t\t\t<\/div>\n\t\t\t\t<\/div>","protected":false},"excerpt":{"rendered":"<p>SYSTEM MAGAZYNOWY WOODBASE Podstawow\u0105 ide\u0105 systemu WOODBASE jest usprawnienie zarz\u0105dzania produkowanym materia\u0142em. Program daje mo\u017cliwo\u015b\u0107 zdefiniowania paczek, desek i zam\u00f3wie\u0144 w formie cyfrowej i przypisania im wielu pomocnych w\u0142a\u015bciwo\u015bci \u2013 np. klasa, gatunek, dostawca, wymiary, suszenie, miejsce w magazynie (np. suszarnia 1). Dzi\u0119ki tym w\u0142a\u015bciwo\u015bciom znany jest bie\u017c\u0105cy stan magazynowy oraz materia\u0142 aktualnie dost\u0119pny zar\u00f3wno [&hellip;]<\/p>","protected":false},"author":2,"featured_media":0,"parent":11,"menu_order":0,"comment_status":"closed","ping_status":"closed","template":"","meta":{"footnotes":""},"class_list":["post-17","page","type-page","status-publish","hentry"],"_links":{"self":[{"href":"https:\/\/www.woodinspector.eu\/en\/wp-json\/wp\/v2\/pages\/17"}],"collection":[{"href":"https:\/\/www.woodinspector.eu\/en\/wp-json\/wp\/v2\/pages"}],"about":[{"href":"https:\/\/www.woodinspector.eu\/en\/wp-json\/wp\/v2\/types\/page"}],"author":[{"embeddable":true,"href":"https:\/\/www.woodinspector.eu\/en\/wp-json\/wp\/v2\/users\/2"}],"replies":[{"embeddable":true,"href":"https:\/\/www.woodinspector.eu\/en\/wp-json\/wp\/v2\/comments?post=17"}],"version-history":[{"count":10,"href":"https:\/\/www.woodinspector.eu\/en\/wp-json\/wp\/v2\/pages\/17\/revisions"}],"predecessor-version":[{"id":1150,"href":"https:\/\/www.woodinspector.eu\/en\/wp-json\/wp\/v2\/pages\/17\/revisions\/1150"}],"up":[{"embeddable":true,"href":"https:\/\/www.woodinspector.eu\/en\/wp-json\/wp\/v2\/pages\/11"}],"wp:attachment":[{"href":"https:\/\/www.woodinspector.eu\/en\/wp-json\/wp\/v2\/media?parent=17"}],"curies":[{"name":"wp","href":"https:\/\/api.w.org\/{rel}","templated":true}]}}