{"id":19,"date":"2024-07-30T12:16:57","date_gmt":"2024-07-30T12:16:57","guid":{"rendered":"https:\/\/www.woodinspector.eu\/?page_id=19"},"modified":"2024-08-12T13:02:59","modified_gmt":"2024-08-12T13:02:59","slug":"autoqubik","status":"publish","type":"page","link":"https:\/\/www.woodinspector.eu\/en\/produkty\/autoqubik\/","title":{"rendered":"AutoQubik"},"content":{"rendered":"<div data-elementor-type=\"wp-page\" data-elementor-id=\"19\" class=\"elementor elementor-19\" data-elementor-post-type=\"page\">\n\t\t\t\t<div class=\"elementor-element elementor-element-4177aaa3 e-flex e-con-boxed e-con e-parent\" data-id=\"4177aaa3\" data-element_type=\"container\" data-settings=\"{&quot;background_background&quot;:&quot;classic&quot;}\">\n\t\t\t\t\t<div class=\"e-con-inner\">\n\t\t\t\t\t<\/div>\n\t\t\t\t<\/div>\n\t\t<div class=\"elementor-element elementor-element-678eb0aa e-flex e-con-boxed e-con e-parent\" data-id=\"678eb0aa\" data-element_type=\"container\">\n\t\t\t\t\t<div class=\"e-con-inner\">\n\t\t\t\t<div class=\"elementor-element elementor-element-6ec7b2cf elementor-widget elementor-widget-image\" data-id=\"6ec7b2cf\" data-element_type=\"widget\" data-widget_type=\"image.default\">\n\t\t\t\t<div class=\"elementor-widget-container\">\n\t\t\t\t\t\t\t\t\t\t\t\t\t<img fetchpriority=\"high\" decoding=\"async\" width=\"800\" height=\"791\" src=\"https:\/\/www.woodinspector.eu\/wp-content\/uploads\/2024\/07\/Autoqubik-logo-1024x1012.png\" class=\"attachment-large size-large wp-image-129\" alt=\"\" srcset=\"https:\/\/www.woodinspector.eu\/wp-content\/uploads\/2024\/07\/Autoqubik-logo-1024x1012.png 1024w, https:\/\/www.woodinspector.eu\/wp-content\/uploads\/2024\/07\/Autoqubik-logo-300x297.png 300w, https:\/\/www.woodinspector.eu\/wp-content\/uploads\/2024\/07\/Autoqubik-logo-768x759.png 768w, https:\/\/www.woodinspector.eu\/wp-content\/uploads\/2024\/07\/Autoqubik-logo-1536x1518.png 1536w, https:\/\/www.woodinspector.eu\/wp-content\/uploads\/2024\/07\/Autoqubik-logo.png 1920w\" sizes=\"(max-width: 800px) 100vw, 800px\" \/>\t\t\t\t\t\t\t\t\t\t\t\t\t<\/div>\n\t\t\t\t<\/div>\n\t\t\t\t\t<\/div>\n\t\t\t\t<\/div>\n\t\t<div class=\"elementor-element elementor-element-171c4a3c e-flex e-con-boxed e-con e-parent\" data-id=\"171c4a3c\" data-element_type=\"container\">\n\t\t\t\t\t<div class=\"e-con-inner\">\n\t\t\t\t<div class=\"elementor-element elementor-element-d1cce22 elementor-widget elementor-widget-heading\" data-id=\"d1cce22\" data-element_type=\"widget\" data-widget_type=\"heading.default\">\n\t\t\t\t<div class=\"elementor-widget-container\">\n\t\t\t<h2 class=\"elementor-heading-title elementor-size-default\">Automatic width measurement of untrimmed sawn timber\n<\/h2>\t\t<\/div>\n\t\t\t\t<\/div>\n\t\t\t\t<div class=\"elementor-element elementor-element-4e78b4a1 elementor-widget elementor-widget-text-editor\" data-id=\"4e78b4a1\" data-element_type=\"widget\" data-widget_type=\"text-editor.default\">\n\t\t\t\t<div class=\"elementor-widget-container\">\n\t\t\t\t\t\t\t<p class=\"p1\">Autoqubik saves the workers\u2019 time \u2013 they no longer have to write down the dimensions on pieces of paper or on the computer. The system consists of a laser head, a camera and a computer station. Boards are put in stacks on the floor by two workers. The laser, hung around 4 metres above the stack, detects a new board in the stack and measures its width in one place the middle, from bark to bark.<\/p>\n<p class=\"p1\">The results are visible on the computer screen and saved in an SQL database. The stack is labelled and given a special number. The packages can be managed with a WOODBASE program.<\/p>\n<p class=\"p1\"><b> System parameters:<\/b><\/p>\n<ul class=\"ul1\">\n<li class=\"li2\"><span class=\"s2\">Maximum width of the stack \u2013 1200 mm<\/span><\/li>\n<li class=\"li2\"><span class=\"s2\">The accuracy of board measurement (depending on the species) +- 5mm<\/span><\/li>\n<\/ul>\t\t\t\t\t\t<\/div>\n\t\t\t\t<\/div>\n\t\t\t\t\t<\/div>\n\t\t\t\t<\/div>\n\t\t<div class=\"elementor-element elementor-element-43d4ed4f e-flex e-con-boxed e-con e-parent\" data-id=\"43d4ed4f\" data-element_type=\"container\">\n\t\t\t\t\t<div class=\"e-con-inner\">\n\t\t\t\t<div class=\"elementor-element elementor-element-77213740 elementor-widget elementor-widget-video\" data-id=\"77213740\" data-element_type=\"widget\" data-settings=\"{&quot;youtube_url&quot;:&quot;https:\\\/\\\/www.youtube.com\\\/watch?v=DuB_HnnEOkE&quot;,&quot;video_type&quot;:&quot;youtube&quot;,&quot;controls&quot;:&quot;yes&quot;}\" data-widget_type=\"video.default\">\n\t\t\t\t<div class=\"elementor-widget-container\">\n\t\t\t\t\t<div class=\"elementor-wrapper elementor-open-inline\">\n\t\t\t<div class=\"elementor-video\"><\/div>\t\t<\/div>\n\t\t\t\t<\/div>\n\t\t\t\t<\/div>\n\t\t\t\t\t<\/div>\n\t\t\t\t<\/div>\n\t\t<div class=\"elementor-element elementor-element-6180cdd e-flex e-con-boxed e-con e-parent\" data-id=\"6180cdd\" data-element_type=\"container\">\n\t\t\t\t\t<div class=\"e-con-inner\">\n\t\t\t\t<div class=\"elementor-element elementor-element-7b2f454 elementor-widget elementor-widget-video\" data-id=\"7b2f454\" data-element_type=\"widget\" data-settings=\"{&quot;youtube_url&quot;:&quot;https:\\\/\\\/youtu.be\\\/Q_1wEWhKO-k&quot;,&quot;video_type&quot;:&quot;youtube&quot;,&quot;controls&quot;:&quot;yes&quot;}\" data-widget_type=\"video.default\">\n\t\t\t\t<div class=\"elementor-widget-container\">\n\t\t\t\t\t<div class=\"elementor-wrapper elementor-open-inline\">\n\t\t\t<div class=\"elementor-video\"><\/div>\t\t<\/div>\n\t\t\t\t<\/div>\n\t\t\t\t<\/div>\n\t\t\t\t\t<\/div>\n\t\t\t\t<\/div>\n\t\t<div class=\"elementor-element elementor-element-16ca9500 e-flex e-con-boxed e-con e-parent\" data-id=\"16ca9500\" data-element_type=\"container\">\n\t\t\t\t\t<div class=\"e-con-inner\">\n\t\t\t\t<div class=\"elementor-element elementor-element-2aafff12 elementor-widget elementor-widget-image\" data-id=\"2aafff12\" data-element_type=\"widget\" data-widget_type=\"image.default\">\n\t\t\t\t<div class=\"elementor-widget-container\">\n\t\t\t\t\t\t\t\t\t\t\t\t\t<img decoding=\"async\" width=\"800\" height=\"509\" src=\"https:\/\/www.woodinspector.eu\/wp-content\/uploads\/2024\/07\/autoqubik-1024x651.jpg\" class=\"attachment-large size-large wp-image-130\" alt=\"\" srcset=\"https:\/\/www.woodinspector.eu\/wp-content\/uploads\/2024\/07\/autoqubik-1024x651.jpg 1024w, https:\/\/www.woodinspector.eu\/wp-content\/uploads\/2024\/07\/autoqubik-300x191.jpg 300w, https:\/\/www.woodinspector.eu\/wp-content\/uploads\/2024\/07\/autoqubik-768x488.jpg 768w, https:\/\/www.woodinspector.eu\/wp-content\/uploads\/2024\/07\/autoqubik.jpg 1225w\" sizes=\"(max-width: 800px) 100vw, 800px\" \/>\t\t\t\t\t\t\t\t\t\t\t\t\t<\/div>\n\t\t\t\t<\/div>\n\t\t\t\t\t<\/div>\n\t\t\t\t<\/div>\n\t\t<div class=\"elementor-element elementor-element-a3352fc e-flex e-con-boxed e-con e-parent\" data-id=\"a3352fc\" data-element_type=\"container\">\n\t\t\t\t\t<div class=\"e-con-inner\">\n\t\t\t\t<div class=\"elementor-element elementor-element-485487d elementor-widget elementor-widget-gallery\" data-id=\"485487d\" data-element_type=\"widget\" data-settings=\"{&quot;columns&quot;:3,&quot;lazyload&quot;:&quot;yes&quot;,&quot;gallery_layout&quot;:&quot;grid&quot;,&quot;columns_tablet&quot;:2,&quot;columns_mobile&quot;:1,&quot;gap&quot;:{&quot;unit&quot;:&quot;px&quot;,&quot;size&quot;:10,&quot;sizes&quot;:[]},&quot;gap_tablet&quot;:{&quot;unit&quot;:&quot;px&quot;,&quot;size&quot;:10,&quot;sizes&quot;:[]},&quot;gap_mobile&quot;:{&quot;unit&quot;:&quot;px&quot;,&quot;size&quot;:10,&quot;sizes&quot;:[]},&quot;link_to&quot;:&quot;file&quot;,&quot;aspect_ratio&quot;:&quot;3:2&quot;,&quot;overlay_background&quot;:&quot;yes&quot;,&quot;content_hover_animation&quot;:&quot;fade-in&quot;}\" data-widget_type=\"gallery.default\">\n\t\t\t\t<div class=\"elementor-widget-container\">\n\t\t\t\t\t<div class=\"elementor-gallery__container\">\n\t\t\t\t\t\t\t<a class=\"e-gallery-item elementor-gallery-item elementor-animated-content\" href=\"https:\/\/www.woodinspector.eu\/wp-content\/uploads\/2024\/08\/autoqubik.png\" data-elementor-open-lightbox=\"yes\" data-elementor-lightbox-slideshow=\"485487d\" data-elementor-lightbox-title=\"autoqubik\" data-e-action-hash=\"#elementor-action%3Aaction%3Dlightbox%26settings%3DeyJpZCI6MTEwNywidXJsIjoiaHR0cHM6XC9cL3d3dy53b29kaW5zcGVjdG9yLmV1XC93cC1jb250ZW50XC91cGxvYWRzXC8yMDI0XC8wOFwvYXV0b3F1YmlrLnBuZyIsInNsaWRlc2hvdyI6IjQ4NTQ4N2QifQ%3D%3D\">\n\t\t\t\t\t<div class=\"e-gallery-image elementor-gallery-item__image\" data-thumbnail=\"https:\/\/www.woodinspector.eu\/wp-content\/uploads\/2024\/08\/autoqubik-300x169.png\" data-width=\"300\" data-height=\"169\" aria-label=\"\" role=\"img\" ><\/div>\n\t\t\t\t\t\t\t\t\t\t\t<div class=\"elementor-gallery-item__overlay\"><\/div>\n\t\t\t\t\t\t\t\t\t\t\t\t\t\t<\/a>\n\t\t\t\t\t\t\t<a class=\"e-gallery-item elementor-gallery-item elementor-animated-content\" href=\"https:\/\/www.woodinspector.eu\/wp-content\/uploads\/2024\/08\/autoqubik-2.png\" data-elementor-open-lightbox=\"yes\" data-elementor-lightbox-slideshow=\"485487d\" data-elementor-lightbox-title=\"autoqubik 2\" data-e-action-hash=\"#elementor-action%3Aaction%3Dlightbox%26settings%3DeyJpZCI6MTEwOCwidXJsIjoiaHR0cHM6XC9cL3d3dy53b29kaW5zcGVjdG9yLmV1XC93cC1jb250ZW50XC91cGxvYWRzXC8yMDI0XC8wOFwvYXV0b3F1YmlrLTIucG5nIiwic2xpZGVzaG93IjoiNDg1NDg3ZCJ9\">\n\t\t\t\t\t<div class=\"e-gallery-image elementor-gallery-item__image\" data-thumbnail=\"https:\/\/www.woodinspector.eu\/wp-content\/uploads\/2024\/08\/autoqubik-2-300x164.png\" data-width=\"300\" data-height=\"164\" aria-label=\"\" role=\"img\" ><\/div>\n\t\t\t\t\t\t\t\t\t\t\t<div class=\"elementor-gallery-item__overlay\"><\/div>\n\t\t\t\t\t\t\t\t\t\t\t\t\t\t<\/a>\n\t\t\t\t\t\t\t<a class=\"e-gallery-item elementor-gallery-item elementor-animated-content\" href=\"https:\/\/www.woodinspector.eu\/wp-content\/uploads\/2024\/08\/autoqubik-3.png\" data-elementor-open-lightbox=\"yes\" data-elementor-lightbox-slideshow=\"485487d\" data-elementor-lightbox-title=\"autoqubik 3\" data-e-action-hash=\"#elementor-action%3Aaction%3Dlightbox%26settings%3DeyJpZCI6MTEwOSwidXJsIjoiaHR0cHM6XC9cL3d3dy53b29kaW5zcGVjdG9yLmV1XC93cC1jb250ZW50XC91cGxvYWRzXC8yMDI0XC8wOFwvYXV0b3F1YmlrLTMucG5nIiwic2xpZGVzaG93IjoiNDg1NDg3ZCJ9\">\n\t\t\t\t\t<div class=\"e-gallery-image elementor-gallery-item__image\" data-thumbnail=\"https:\/\/www.woodinspector.eu\/wp-content\/uploads\/2024\/08\/autoqubik-3-300x169.png\" data-width=\"300\" data-height=\"169\" aria-label=\"\" role=\"img\" ><\/div>\n\t\t\t\t\t\t\t\t\t\t\t<div class=\"elementor-gallery-item__overlay\"><\/div>\n\t\t\t\t\t\t\t\t\t\t\t\t\t\t<\/a>\n\t\t\t\t\t<\/div>\n\t\t\t<\/div>\n\t\t\t\t<\/div>\n\t\t\t\t\t<\/div>\n\t\t\t\t<\/div>\n\t\t\t\t<\/div>","protected":false},"excerpt":{"rendered":"<p>AUTOMATYCZNY POMIAR ODKRYCIA TARCICY NIEOBRZYNANEJ System automatycznego pomiaru tarcicy nieobrzynanej oszcz\u0119dza czas pracownik\u00f3w kubikuj\u0105cych na kartkach lub w komputerze tarcic\u0119 nieobrzynan\u0105. Deski s\u0105 uk\u0142adane w pakiety na pod\u0142o\u017cu przez dw\u00f3ch pracownik\u00f3w. System sk\u0142ada si\u0119 z g\u0142owicy lasera, kamery oraz stanowiska komputerowego. G\u0142owica lasera, zawieszona na wysoko\u015bci ok. 4 metr\u00f3w, wykrywa now\u0105 desk\u0119 do\u0142o\u017con\u0105 do pakietu [&hellip;]<\/p>","protected":false},"author":2,"featured_media":0,"parent":11,"menu_order":0,"comment_status":"closed","ping_status":"closed","template":"","meta":{"footnotes":""},"class_list":["post-19","page","type-page","status-publish","hentry"],"_links":{"self":[{"href":"https:\/\/www.woodinspector.eu\/en\/wp-json\/wp\/v2\/pages\/19"}],"collection":[{"href":"https:\/\/www.woodinspector.eu\/en\/wp-json\/wp\/v2\/pages"}],"about":[{"href":"https:\/\/www.woodinspector.eu\/en\/wp-json\/wp\/v2\/types\/page"}],"author":[{"embeddable":true,"href":"https:\/\/www.woodinspector.eu\/en\/wp-json\/wp\/v2\/users\/2"}],"replies":[{"embeddable":true,"href":"https:\/\/www.woodinspector.eu\/en\/wp-json\/wp\/v2\/comments?post=19"}],"version-history":[{"count":10,"href":"https:\/\/www.woodinspector.eu\/en\/wp-json\/wp\/v2\/pages\/19\/revisions"}],"predecessor-version":[{"id":1147,"href":"https:\/\/www.woodinspector.eu\/en\/wp-json\/wp\/v2\/pages\/19\/revisions\/1147"}],"up":[{"embeddable":true,"href":"https:\/\/www.woodinspector.eu\/en\/wp-json\/wp\/v2\/pages\/11"}],"wp:attachment":[{"href":"https:\/\/www.woodinspector.eu\/en\/wp-json\/wp\/v2\/media?parent=19"}],"curies":[{"name":"wp","href":"https:\/\/api.w.org\/{rel}","templated":true}]}}