{"id":26,"date":"2024-07-30T12:29:31","date_gmt":"2024-07-30T12:29:31","guid":{"rendered":"https:\/\/www.woodinspector.eu\/?page_id=26"},"modified":"2024-08-05T13:14:25","modified_gmt":"2024-08-05T13:14:25","slug":"dotacje","status":"publish","type":"page","link":"https:\/\/www.woodinspector.eu\/en\/dotacje\/","title":{"rendered":"Grants"},"content":{"rendered":"<div data-elementor-type=\"wp-page\" data-elementor-id=\"26\" class=\"elementor elementor-26\" data-elementor-post-type=\"page\">\n\t\t\t\t<div class=\"elementor-element elementor-element-256bcb7 e-flex e-con-boxed e-con e-parent\" data-id=\"256bcb7\" data-element_type=\"container\" data-settings=\"{&quot;background_background&quot;:&quot;classic&quot;}\">\n\t\t\t\t\t<div class=\"e-con-inner\">\n\t\t\t\t\t<\/div>\n\t\t\t\t<\/div>\n\t\t<div class=\"elementor-element elementor-element-07b4133 e-flex e-con-boxed e-con e-parent\" data-id=\"07b4133\" data-element_type=\"container\">\n\t\t\t\t\t<div class=\"e-con-inner\">\n\t\t\t\t<div class=\"elementor-element elementor-element-17c4cb8 elementor-widget elementor-widget-image\" data-id=\"17c4cb8\" data-element_type=\"widget\" data-widget_type=\"image.default\">\n\t\t\t\t<div class=\"elementor-widget-container\">\n\t\t\t\t\t\t\t\t\t\t\t\t\t<img fetchpriority=\"high\" decoding=\"async\" width=\"800\" height=\"566\" src=\"https:\/\/www.woodinspector.eu\/wp-content\/uploads\/2024\/08\/unia-europejska-woodinspector-2048x1448-1-1024x724.jpg\" class=\"attachment-large size-large wp-image-210\" alt=\"\" srcset=\"https:\/\/www.woodinspector.eu\/wp-content\/uploads\/2024\/08\/unia-europejska-woodinspector-2048x1448-1-1024x724.jpg 1024w, https:\/\/www.woodinspector.eu\/wp-content\/uploads\/2024\/08\/unia-europejska-woodinspector-2048x1448-1-300x212.jpg 300w, https:\/\/www.woodinspector.eu\/wp-content\/uploads\/2024\/08\/unia-europejska-woodinspector-2048x1448-1-768x543.jpg 768w, https:\/\/www.woodinspector.eu\/wp-content\/uploads\/2024\/08\/unia-europejska-woodinspector-2048x1448-1-1536x1086.jpg 1536w, https:\/\/www.woodinspector.eu\/wp-content\/uploads\/2024\/08\/unia-europejska-woodinspector-2048x1448-1.jpg 2048w\" sizes=\"(max-width: 800px) 100vw, 800px\" \/>\t\t\t\t\t\t\t\t\t\t\t\t\t<\/div>\n\t\t\t\t<\/div>\n\t\t\t\t\t<\/div>\n\t\t\t\t<\/div>\n\t\t<div class=\"elementor-element elementor-element-0b1e70e e-flex e-con-boxed e-con e-parent\" data-id=\"0b1e70e\" data-element_type=\"container\">\n\t\t\t\t\t<div class=\"e-con-inner\">\n\t\t\t\t<div class=\"elementor-element elementor-element-39f124e elementor-widget elementor-widget-text-editor\" data-id=\"39f124e\" data-element_type=\"widget\" data-widget_type=\"text-editor.default\">\n\t\t\t\t<div class=\"elementor-widget-container\">\n\t\t\t\t\t\t\t<h1 id=\"zapytania-ofertowe\" class=\"has-text-align-left wp-block-heading\">Inquiry:<\/h1><p>On behalf of Woodinspector sp.zo.o. I am asking you to submit a price offer for mechanical elements for the construction of the prototype mechanics (including guides, trapezoidal screws, bearing housings, pneumatics, rollers, aluminum profiles) in accordance with the attached documentation.<\/p><p class=\" translation-block\">The documentation will be sent at the request of the bidder sent to the e-mail address:  Grzegorz.kotnarowski@gmail.com  or by phone at + 48 730 945 777 Grzegorz Kotnarowski.<\/p><h1 id=\"zapytania-ofertowe\" class=\"has-text-align-left wp-block-heading\">Inquiry:<\/h1><p>On behalf of Woodinspector sp.zo.o. I am asking you to submit a price offer for electrical components for the construction of the prototype (including inverters, sensors, motors, PLC controllers, control cabinets, power supplies) in accordance with the attached documentation.<\/p><p class=\" translation-block\">The documentation will be sent at the request of the bidder sent to the e-mail address:  Grzegorz.kotnarowski@gmail.com  or by phone at + 48 730 945 777 Grzegorz Kotnarowski.<\/p><h1 id=\"zapytania-ofertowe\" class=\"has-text-align-left wp-block-heading\">Inquiries:<\/h1><figure class=\"wp-block-table aligncenter is-style-stripes\"><table><tbody><tr><td><strong>Added:\u00a0<\/strong>24.07.2019<\/td><td><strong>Deadline for submitting offers:<\/strong>\u00a002.08.2019<\/td><\/tr><\/tbody><\/table><\/figure><h3 id=\"zapytanie-ofertowe-nr-1-1-1-1-2019-ko-dotyczace-zakup-i-dostawy-tarcicy\" class=\"has-text-align-left wp-block-heading\">REQUEST FOR QUOTATION NO. 1\/1.1.1\/2019\/KO REGARDING THE PURCHASE AND DELIVERY OF SAWN TIMBER.<\/h3><p>Documents to download:\u00a0<a href=\"https:\/\/www.woodinspector.eu\/wp-content\/uploads\/2024\/08\/WI_RR_1_Tarcica.pdf\" target=\"_blank\" rel=\"noreferrer noopener\" aria-label=\" (otwiera si\u0119 na nowej zak\u0142adce)\">Request for quotation No. 1\/1.1.1\/2019\/KO.pdf<\/a><\/p>\t\t\t\t\t\t<\/div>\n\t\t\t\t<\/div>\n\t\t\t\t\t<\/div>\n\t\t\t\t<\/div>\n\t\t\t\t<\/div>","protected":false},"excerpt":{"rendered":"<p>Zapytanie ofertowe: W imieniu Woodinspector sp.zo.o. zwracam si\u0119 z pro\u015bb\u0105 o przedstawienie oferty cenowej na elementy\u00a0mechaniczne do budowy mechaniki prototypu (m.in. prowadnice, \u015bruby trapezowe, obudowy \u0142o\u017cyskowe, pneumatyka, rolki, profile aluminiowe) zgodnie z za\u0142\u0105czon\u0105 dokumentacja. Dokumentacja zostanie przes\u0142ana na pro\u015bb\u0119 oferenta wys\u0142an\u0105 na adres mailowy:\u00a0Grzegorz.kotnarowski@gmail.com\u00a0lub zg\u0142oszonej telefonicznie pod numerem + 48\u00a0730\u00a0945\u00a0777 Grzegorz Kotnarowski. Zapytanie ofertowe: W [&hellip;]<\/p>","protected":false},"author":2,"featured_media":0,"parent":0,"menu_order":0,"comment_status":"closed","ping_status":"closed","template":"","meta":{"footnotes":""},"class_list":["post-26","page","type-page","status-publish","hentry"],"_links":{"self":[{"href":"https:\/\/www.woodinspector.eu\/en\/wp-json\/wp\/v2\/pages\/26"}],"collection":[{"href":"https:\/\/www.woodinspector.eu\/en\/wp-json\/wp\/v2\/pages"}],"about":[{"href":"https:\/\/www.woodinspector.eu\/en\/wp-json\/wp\/v2\/types\/page"}],"author":[{"embeddable":true,"href":"https:\/\/www.woodinspector.eu\/en\/wp-json\/wp\/v2\/users\/2"}],"replies":[{"embeddable":true,"href":"https:\/\/www.woodinspector.eu\/en\/wp-json\/wp\/v2\/comments?post=26"}],"version-history":[{"count":7,"href":"https:\/\/www.woodinspector.eu\/en\/wp-json\/wp\/v2\/pages\/26\/revisions"}],"predecessor-version":[{"id":1064,"href":"https:\/\/www.woodinspector.eu\/en\/wp-json\/wp\/v2\/pages\/26\/revisions\/1064"}],"wp:attachment":[{"href":"https:\/\/www.woodinspector.eu\/en\/wp-json\/wp\/v2\/media?parent=26"}],"curies":[{"name":"wp","href":"https:\/\/api.w.org\/{rel}","templated":true}]}}